{"id":4,"date":"2017-12-07T21:49:53","date_gmt":"2017-12-07T19:49:53","guid":{"rendered":"http:\/\/coachingraum-ecker.de\/?page_id=4"},"modified":"2017-12-22T17:59:25","modified_gmt":"2017-12-22T15:59:25","slug":"home","status":"publish","type":"page","link":"http:\/\/coachingraum-ecker.de\/?page_id=4","title":{"rendered":"Willkommen"},"content":{"rendered":"<h3 style=\"text-align: center;\"><strong>Sie stecken fest mit einem Thema?<\/strong><\/h3>\n<h3 style=\"text-align: center;\"><strong>Ich coache Sie gern!<\/strong><\/h3>\n<p>&nbsp;<\/p>\n<p><strong>Bei Herausforderungen wie<\/strong><\/p>\n<ul>\n<li>Krisen durch Entscheidungen und Ver\u00e4nderungen in Ausbildung, Beruf und Privatleben<\/li>\n<li><a href=\"http:\/\/coachingraum-ecker.de\/?page_id=192\">Pr\u00fcfungsangst und Lampenfieber bei Auftritten, Pr\u00e4sentationen und\u00a0Vorstellungsrunden<\/a><\/li>\n<li><a href=\"http:\/\/coachingraum-ecker.de\/?page_id=192\">Bewerbungsgespr\u00e4che, Herausforderungen am Arbeitsplatz, Mobbing<\/a><\/li>\n<li><a href=\"http:\/\/coachingraum-ecker.de\/?page_id=195\">Begleitung beim Umgang mit Schwangerschaft, Geburt und der Zeit danach<\/a><\/li>\n<li>Erkrankungen<\/li>\n<\/ul>\n<p>Im Coaching nutze ich auch <a href=\"http:\/\/coachingraum-ecker.de\/?page_id=11\">L\u00f6sungsorientiertes Kurzzeitcoaching<\/a> und <a href=\"http:\/\/coachingraum-ecker.de\/?page_id=11\">PEP\u00ae &#8211; Prozess- und Embodimentfokussierte Psychologie<\/a>.<\/p>\n<p>Mit Hilfe dieser beiden <a href=\"http:\/\/coachingraum-ecker.de\/?page_id=11\">Methoden<\/a> lassen sich belastende Denk- F\u00fchl- und Verhaltensmuster gut verwandeln oder aufl\u00f6sen und Sie kommen wieder in Bewegung.<\/p>\n","protected":false},"excerpt":{"rendered":"<p>Sie stecken fest mit einem Thema? Ich coache Sie gern! &nbsp; Bei Herausforderungen wie Krisen durch Entscheidungen und Ver\u00e4nderungen in Ausbildung, Beruf und Privatleben Pr\u00fcfungsangst und Lampenfieber bei Auftritten, Pr\u00e4sentationen und\u00a0Vorstellungsrunden Bewerbungsgespr\u00e4che, Herausforderungen am Arbeitsplatz, &hellip;<\/p>\n","protected":false},"author":1,"featured_media":0,"parent":0,"menu_order":1,"comment_status":"closed","ping_status":"closed","template":"","meta":[],"_links":{"self":[{"href":"http:\/\/coachingraum-ecker.de\/index.php?rest_route=\/wp\/v2\/pages\/4"}],"collection":[{"href":"http:\/\/coachingraum-ecker.de\/index.php?rest_route=\/wp\/v2\/pages"}],"about":[{"href":"http:\/\/coachingraum-ecker.de\/index.php?rest_route=\/wp\/v2\/types\/page"}],"author":[{"embeddable":true,"href":"http:\/\/coachingraum-ecker.de\/index.php?rest_route=\/wp\/v2\/users\/1"}],"replies":[{"embeddable":true,"href":"http:\/\/coachingraum-ecker.de\/index.php?rest_route=%2Fwp%2Fv2%2Fcomments&post=4"}],"version-history":[{"count":23,"href":"http:\/\/coachingraum-ecker.de\/index.php?rest_route=\/wp\/v2\/pages\/4\/revisions"}],"predecessor-version":[{"id":352,"href":"http:\/\/coachingraum-ecker.de\/index.php?rest_route=\/wp\/v2\/pages\/4\/revisions\/352"}],"wp:attachment":[{"href":"http:\/\/coachingraum-ecker.de\/index.php?rest_route=%2Fwp%2Fv2%2Fmedia&parent=4"}],"curies":[{"name":"wp","href":"https:\/\/api.w.org\/{rel}","templated":true}]}}