{"id":195,"date":"2017-12-14T12:53:26","date_gmt":"2017-12-14T10:53:26","guid":{"rendered":"http:\/\/coachingraum-ecker.de\/?page_id=195"},"modified":"2017-12-22T18:00:08","modified_gmt":"2017-12-22T16:00:08","slug":"schwangerschaft-geburt-und-danach","status":"publish","type":"page","link":"http:\/\/coachingraum-ecker.de\/?page_id=195","title":{"rendered":"Schwangerschaft, Geburt und danach"},"content":{"rendered":"<p>Sie sind schwanger oder haben entbunden? Jetzt belasten Sie Gef\u00fchle wie Hilflosigkeit, Angst, \u00c4rger oder Entt\u00e4uschung und hindern Sie daran, in eine erf\u00fcllende Beziehung mit Ihrem Kind zu kommen.<\/p>\n<p><strong>In der Schwangerschaft<\/strong> \u2013 etwas besch\u00e4ftigt Sie zu sehr, um in einem guten Fluss mit Ihrer Schwangerschaft zu sein<\/p>\n<p><strong>Nach der Geburt<\/strong> \u2013 vielleicht f\u00e4llt es Ihnen schwer, sich in Ihrem neuen Leben zurecht zu finden, mit sich selbst, Ihrem Kind, dem Partner, Angeh\u00f6rigen oder Geschwisterkindern<\/p>\n<p><strong>Das besondere Kind<\/strong> \u2013 ein besonderes Kind ist zu Ihnen gekommen und Sie suchen Unterst\u00fctzung f\u00fcr Ihren gemeinsamen Weg<\/p>\n<p>Und <strong>auch ohne ganz konkretes Anliegen<\/strong> sind Sie willkommen.<\/p>\n<hr \/>\n<p>Ihr Anliegen \u00fcbersteigt die M\u00f6glichkeiten, die ein Termin in der Arztpraxis oder mit Ihrer Hebamme leisten kann.<\/p>\n<p>In meinem Coaching-Raum k\u00f6nnen wir uns daf\u00fcr Zeit nehmen. H\u00e4ufig tragen Sie beim Kommen die L\u00f6sungen f\u00fcr Ihr Anliegen unentdeckt in sich.<\/p>\n<p>Wenn wir auf dem richtigen Weg sind, werden Sie erleben wie Ihre Energie wieder zu flie\u00dfen beginnt und Sie in eine gute Verbindung mit sich selbst, Ihrem Kind,\u00a0Ihrem Partner und Ihrem Umfeld kommen.<\/p>\n<p>&nbsp;<\/p>\n<p>&nbsp;<\/p>\n","protected":false},"excerpt":{"rendered":"<p>Sie sind schwanger oder haben entbunden? Jetzt belasten Sie Gef\u00fchle wie Hilflosigkeit, Angst, \u00c4rger oder Entt\u00e4uschung und hindern Sie daran, in eine erf\u00fcllende Beziehung mit Ihrem Kind zu kommen. In der Schwangerschaft \u2013 etwas besch\u00e4ftigt &hellip;<\/p>\n","protected":false},"author":1,"featured_media":0,"parent":10,"menu_order":2,"comment_status":"closed","ping_status":"closed","template":"","meta":[],"_links":{"self":[{"href":"http:\/\/coachingraum-ecker.de\/index.php?rest_route=\/wp\/v2\/pages\/195"}],"collection":[{"href":"http:\/\/coachingraum-ecker.de\/index.php?rest_route=\/wp\/v2\/pages"}],"about":[{"href":"http:\/\/coachingraum-ecker.de\/index.php?rest_route=\/wp\/v2\/types\/page"}],"author":[{"embeddable":true,"href":"http:\/\/coachingraum-ecker.de\/index.php?rest_route=\/wp\/v2\/users\/1"}],"replies":[{"embeddable":true,"href":"http:\/\/coachingraum-ecker.de\/index.php?rest_route=%2Fwp%2Fv2%2Fcomments&post=195"}],"version-history":[{"count":13,"href":"http:\/\/coachingraum-ecker.de\/index.php?rest_route=\/wp\/v2\/pages\/195\/revisions"}],"predecessor-version":[{"id":334,"href":"http:\/\/coachingraum-ecker.de\/index.php?rest_route=\/wp\/v2\/pages\/195\/revisions\/334"}],"up":[{"embeddable":true,"href":"http:\/\/coachingraum-ecker.de\/index.php?rest_route=\/wp\/v2\/pages\/10"}],"wp:attachment":[{"href":"http:\/\/coachingraum-ecker.de\/index.php?rest_route=%2Fwp%2Fv2%2Fmedia&parent=195"}],"curies":[{"name":"wp","href":"https:\/\/api.w.org\/{rel}","templated":true}]}}