{"id":11,"date":"2017-12-07T21:55:28","date_gmt":"2017-12-07T19:55:28","guid":{"rendered":"http:\/\/coachingraum-ecker.de\/?page_id=11"},"modified":"2021-01-08T14:04:12","modified_gmt":"2021-01-08T12:04:12","slug":"methoden","status":"publish","type":"page","link":"http:\/\/coachingraum-ecker.de\/?page_id=11","title":{"rendered":"Methoden"},"content":{"rendered":"<h4>L\u00f6sungsorientiertes Kurzzeitcoaching<\/h4>\n<p><span style=\"color: #000080;\"><span style=\"color: #000000;\"><span style=\"color: #808080;\"><span style=\"color: #333333;\"><em>L\u00f6sungsorientierte<\/em><em>s Kurzzeitcoaching<\/em><\/span><\/span><\/span><\/span> betont das Auffinden von L\u00f6sungen und Ressourcen, die Sie selbst, vielleicht noch unentdeckt, mitbringen.<\/p>\n<p>Diese Methode wurde in den 70er Jahren von Insoo Kim Berg und Steve de Shazer entwickelt.<\/p>\n<hr>\n<h4>PEP\u00ae (Prozess- und Embodimentfokussierte Psychologie)&nbsp;<a href=\"http:\/\/www.dr-michael-bohne.de\"><img decoding=\"async\" loading=\"lazy\" class=\"alignright wp-image-204 size-full\" src=\"http:\/\/coachingraum-ecker.de\/wp-ef872-content\/uploads\/2017\/12\/Peplogo_mittel.jpg\" alt=\"\" width=\"177\" height=\"169\"><\/a><\/h4>\n<p><a href=\"http:\/\/www.dr-michael-bohne.de\" target=\"_blank\" rel=\"noopener noreferrer\"><span style=\"color: #000080;\"><span style=\"color: #000000;\"><span style=\"color: #333333;\"><em>PEP<\/em><\/span><\/span><\/span><\/a>\u00ae wurde von <a href=\"http:\/\/www.dr-michael-bohne.de\" target=\"_blank\" rel=\"noopener noreferrer\">Dr. Michael Bohne<\/a> entwickelt und hat seine Wurzeln in den \u201eKlopftechniken\u201c der sogenannten energetischen Psychologie.<\/p>\n<p>Diese Methode beinhaltet eine bew\u00e4hrte emotionale Selbsthilfetechnik, mit der sich Stress, \u00c4ngste, \u00c4rger und Blockaden mindern oder ganz vertreiben lassen. Dabei wird auch die Selbstbeziehung wirksam verbessert.<\/p>\n\n\n<p><\/p>\n","protected":false},"excerpt":{"rendered":"<p>L\u00f6sungsorientiertes Kurzzeitcoaching L\u00f6sungsorientiertes Kurzzeitcoaching betont das Auffinden von L\u00f6sungen und Ressourcen, die Sie selbst, vielleicht noch unentdeckt, mitbringen. Diese Methode wurde in den 70er Jahren von Insoo Kim Berg und Steve de Shazer entwickelt. PEP\u00ae &hellip;<\/p>\n","protected":false},"author":1,"featured_media":0,"parent":0,"menu_order":3,"comment_status":"closed","ping_status":"closed","template":"","meta":[],"_links":{"self":[{"href":"http:\/\/coachingraum-ecker.de\/index.php?rest_route=\/wp\/v2\/pages\/11"}],"collection":[{"href":"http:\/\/coachingraum-ecker.de\/index.php?rest_route=\/wp\/v2\/pages"}],"about":[{"href":"http:\/\/coachingraum-ecker.de\/index.php?rest_route=\/wp\/v2\/types\/page"}],"author":[{"embeddable":true,"href":"http:\/\/coachingraum-ecker.de\/index.php?rest_route=\/wp\/v2\/users\/1"}],"replies":[{"embeddable":true,"href":"http:\/\/coachingraum-ecker.de\/index.php?rest_route=%2Fwp%2Fv2%2Fcomments&post=11"}],"version-history":[{"count":23,"href":"http:\/\/coachingraum-ecker.de\/index.php?rest_route=\/wp\/v2\/pages\/11\/revisions"}],"predecessor-version":[{"id":370,"href":"http:\/\/coachingraum-ecker.de\/index.php?rest_route=\/wp\/v2\/pages\/11\/revisions\/370"}],"wp:attachment":[{"href":"http:\/\/coachingraum-ecker.de\/index.php?rest_route=%2Fwp%2Fv2%2Fmedia&parent=11"}],"curies":[{"name":"wp","href":"https:\/\/api.w.org\/{rel}","templated":true}]}}